{"id":1394,"date":"2013-07-28T09:47:08","date_gmt":"2013-07-28T07:47:08","guid":{"rendered":"http:\/\/prizrenpost.com\/al\/?page_id=1394"},"modified":"2022-07-31T23:57:16","modified_gmt":"2022-07-31T21:57:16","slug":"marketing","status":"publish","type":"page","link":"https:\/\/prizrenpost.com\/al\/marketing\/","title":{"rendered":"Marketing"},"content":{"rendered":"<p><img decoding=\"async\" src=\"https:\/\/prizrenpost.com\/al\/wp-content\/uploads\/2022\/03\/prizrenpost-new-logo-2022.png\" alt=\"\" width=\"100%\" height=\"\" class=\"alignleft size-full wp-image-64441\" srcset=\"https:\/\/prizrenpost.com\/al\/wp-content\/uploads\/2022\/03\/prizrenpost-new-logo-2022.png 11632w, https:\/\/prizrenpost.com\/al\/wp-content\/uploads\/2022\/03\/prizrenpost-new-logo-2022-300x47.png 300w, https:\/\/prizrenpost.com\/al\/wp-content\/uploads\/2022\/03\/prizrenpost-new-logo-2022-1024x159.png 1024w, https:\/\/prizrenpost.com\/al\/wp-content\/uploads\/2022\/03\/prizrenpost-new-logo-2022-768x119.png 768w, https:\/\/prizrenpost.com\/al\/wp-content\/uploads\/2022\/03\/prizrenpost-new-logo-2022-1536x238.png 1536w, https:\/\/prizrenpost.com\/al\/wp-content\/uploads\/2022\/03\/prizrenpost-new-logo-2022-2048x318.png 2048w\" sizes=\"(max-width: 11632px) 100vw, 11632px\" \/><\/p>\n<p><strong>A e dini se reklamimi m\u00eb efektiv \u00ebsht\u00eb n\u00eb Internet?<\/strong><\/p>\n<p>N\u00ebse jeni nj\u00eb biznes dhe k\u00ebrkoni t\u00eb reklamoni online, Prizren Post ju jep mund\u00ebsin\u00eb t\u00eb reklamoni n\u00eb nj\u00eb portal me audienc\u00eb gjigante. \u00cbsht\u00eb \u00e7asti i duhur p\u00ebr t\u00eb promovuar m\u00eb tep\u00ebr sh\u00ebrbimet dhe produktet tuaja!<\/p>\n<p><strong>Ku mund t\u00eb shfaqet reklama ime?<\/strong><\/p>\n<p>Prizren Post ofron nj\u00eb s\u00ebr\u00eb hap\u00ebsirash reklamimi p\u00ebr t\u00eb gjitha kompanit\u00eb. Reklamat mund t\u00eb jen\u00eb n\u00eb faqen e par\u00eb m\u00eb s\u00eb shumti por edhe n\u00eb brend\u00ebsi sipas kategorive t\u00eb zgjedhura nga menyja kryesore..<br \/>\nRreth 85% e vizitor\u00ebve tan\u00eb, akseson drejtp\u00ebrdrejt faqen e par\u00eb t\u00eb www.prizrenpost.com, pjesa tjet\u00ebr e vizitor\u00ebve futet n\u00ebp\u00ebrmjet motor\u00ebve t\u00eb k\u00ebrkimit ose n\u00ebp\u00ebrmjet linqeve t\u00eb reklamuara ose t\u00eb d\u00ebrguara n\u00eb m\u00ebnyr\u00eb elektronike.<\/p>\n<p><strong>\u00c7far\u00eb formati mund t\u00eb jet\u00eb reklama?<\/strong><\/p>\n<p>Reklama m\u00eb klasike \u00ebsht\u00eb nj\u00eb baner imazh ose nj\u00eb gif i animuar. Megjithat\u00eb reklamat mund t\u00eb jen\u00eb nga tekst informues, deri ne animime Flash e Video dhe t\u00eb tjera elemente t\u00eb animimit dhe t\u00eb dinamicitetit.<\/p>\n<p><strong>Informata Kontaktuese<\/strong><\/p>\n<p><strong>Web:<\/strong> www.prizrenpost.com<br \/>\n<strong>E-mail:<\/strong> info[at]prizrenpost.com<br \/>\n<strong>Telefoni:<\/strong> +383 44 944 918<\/p>\n","protected":false},"excerpt":{"rendered":"<p>A e dini se reklamimi m\u00eb efektiv \u00ebsht\u00eb n\u00eb Internet? N\u00ebse jeni nj\u00eb biznes dhe k\u00ebrkoni t\u00eb reklamoni online, Prizren Post ju jep mund\u00ebsin\u00eb t\u00eb reklamoni n\u00eb nj\u00eb portal me audienc\u00eb gjigante. \u00cbsht\u00eb \u00e7asti i duhur p\u00ebr t\u00eb promovuar m\u00eb tep\u00ebr sh\u00ebrbimet dhe produktet tuaja! Ku mund t\u00eb shfaqet reklama ime? Prizren Post ofron nj\u00eb [&hellip;]<\/p>\n","protected":false},"author":1,"featured_media":64441,"parent":0,"menu_order":0,"comment_status":"closed","ping_status":"closed","template":"","meta":{"footnotes":""},"class_list":["post-1394","page","type-page","status-publish","has-post-thumbnail","hentry"],"_links":{"self":[{"href":"https:\/\/prizrenpost.com\/al\/wp-json\/wp\/v2\/pages\/1394","targetHints":{"allow":["GET"]}}],"collection":[{"href":"https:\/\/prizrenpost.com\/al\/wp-json\/wp\/v2\/pages"}],"about":[{"href":"https:\/\/prizrenpost.com\/al\/wp-json\/wp\/v2\/types\/page"}],"author":[{"embeddable":true,"href":"https:\/\/prizrenpost.com\/al\/wp-json\/wp\/v2\/users\/1"}],"replies":[{"embeddable":true,"href":"https:\/\/prizrenpost.com\/al\/wp-json\/wp\/v2\/comments?post=1394"}],"version-history":[{"count":4,"href":"https:\/\/prizrenpost.com\/al\/wp-json\/wp\/v2\/pages\/1394\/revisions"}],"predecessor-version":[{"id":64442,"href":"https:\/\/prizrenpost.com\/al\/wp-json\/wp\/v2\/pages\/1394\/revisions\/64442"}],"wp:featuredmedia":[{"embeddable":true,"href":"https:\/\/prizrenpost.com\/al\/wp-json\/wp\/v2\/media\/64441"}],"wp:attachment":[{"href":"https:\/\/prizrenpost.com\/al\/wp-json\/wp\/v2\/media?parent=1394"}],"curies":[{"name":"wp","href":"https:\/\/api.w.org\/{rel}","templated":true}]}}