{"id":18858,"date":"2011-12-29T18:20:38","date_gmt":"2011-12-29T17:20:38","guid":{"rendered":"https:\/\/prizrenpost.com\/al\/?page_id=18858"},"modified":"2023-01-31T12:50:26","modified_gmt":"2023-01-31T11:50:26","slug":"rreth-nesh","status":"publish","type":"page","link":"https:\/\/prizrenpost.com\/al\/rreth-nesh\/","title":{"rendered":"Rreth Nesh"},"content":{"rendered":"<p><img loading=\"lazy\" decoding=\"async\" src=\"https:\/\/prizrenpost.com\/al\/wp-content\/uploads\/2022\/03\/prizrenpost-new-logo-2022-1024x159.png\" alt=\"\" width=\"450\" height=\"70\" class=\"aligntop size-large wp-image-64441\" srcset=\"https:\/\/prizrenpost.com\/al\/wp-content\/uploads\/2022\/03\/prizrenpost-new-logo-2022-1024x159.png 1024w, https:\/\/prizrenpost.com\/al\/wp-content\/uploads\/2022\/03\/prizrenpost-new-logo-2022-300x47.png 300w, https:\/\/prizrenpost.com\/al\/wp-content\/uploads\/2022\/03\/prizrenpost-new-logo-2022-768x119.png 768w, https:\/\/prizrenpost.com\/al\/wp-content\/uploads\/2022\/03\/prizrenpost-new-logo-2022-1536x238.png 1536w, https:\/\/prizrenpost.com\/al\/wp-content\/uploads\/2022\/03\/prizrenpost-new-logo-2022-2048x318.png 2048w\" sizes=\"auto, (max-width: 450px) 100vw, 450px\" \/><\/p>\n<p>Prizren Post \u00ebsht\u00eb lansuar m\u00eb 28 n\u00ebntor 2011.<br \/>\nPrizren Post \u00ebsht\u00eb web site q\u00eb ka nj\u00eb platform\u00eb t\u00eb gjer\u00eb informimi nga fusha t\u00eb ndryshme si ato t\u00eb ngjarjeve aktuale vendore-bot\u00ebrore, sportive, kulturore&#8230;<\/p>\n<p>Kryeredaktor<br \/>\n<strong>Jetmir MALOKU<\/strong><\/p>\n","protected":false},"excerpt":{"rendered":"<p>Prizren Post \u00ebsht\u00eb lansuar m\u00eb 28 n\u00ebntor 2011. Prizren Post \u00ebsht\u00eb web site q\u00eb ka nj\u00eb platform\u00eb t\u00eb gjer\u00eb informimi nga fusha t\u00eb ndryshme si ato t\u00eb ngjarjeve aktuale vendore-bot\u00ebrore, sportive, kulturore&#8230; Kryeredaktor Jetmir MALOKU<\/p>\n","protected":false},"author":1,"featured_media":64441,"parent":0,"menu_order":0,"comment_status":"closed","ping_status":"closed","template":"","meta":{"footnotes":""},"class_list":["post-18858","page","type-page","status-publish","has-post-thumbnail","hentry"],"_links":{"self":[{"href":"https:\/\/prizrenpost.com\/al\/wp-json\/wp\/v2\/pages\/18858","targetHints":{"allow":["GET"]}}],"collection":[{"href":"https:\/\/prizrenpost.com\/al\/wp-json\/wp\/v2\/pages"}],"about":[{"href":"https:\/\/prizrenpost.com\/al\/wp-json\/wp\/v2\/types\/page"}],"author":[{"embeddable":true,"href":"https:\/\/prizrenpost.com\/al\/wp-json\/wp\/v2\/users\/1"}],"replies":[{"embeddable":true,"href":"https:\/\/prizrenpost.com\/al\/wp-json\/wp\/v2\/comments?post=18858"}],"version-history":[{"count":3,"href":"https:\/\/prizrenpost.com\/al\/wp-json\/wp\/v2\/pages\/18858\/revisions"}],"predecessor-version":[{"id":64967,"href":"https:\/\/prizrenpost.com\/al\/wp-json\/wp\/v2\/pages\/18858\/revisions\/64967"}],"wp:featuredmedia":[{"embeddable":true,"href":"https:\/\/prizrenpost.com\/al\/wp-json\/wp\/v2\/media\/64441"}],"wp:attachment":[{"href":"https:\/\/prizrenpost.com\/al\/wp-json\/wp\/v2\/media?parent=18858"}],"curies":[{"name":"wp","href":"https:\/\/api.w.org\/{rel}","templated":true}]}}