{"id":65661,"date":"2025-12-20T17:04:48","date_gmt":"2025-12-20T14:04:48","guid":{"rendered":"https:\/\/prizrenpost.com\/al\/cookie-policy\/"},"modified":"2026-02-12T18:28:21","modified_gmt":"2026-02-12T15:28:21","slug":"cookie-policy","status":"publish","type":"page","link":"https:\/\/prizrenpost.com\/al\/cookie-policy\/","title":{"rendered":"Politika e Kukive (Cookie Policy)"},"content":{"rendered":"<p>Kjo Politik\u00eb e Kukive shpjegon se si Prizren Post p\u00ebrdor kukit (cookies) dhe teknologjit\u00eb e ngjashme p\u00ebr t&#8217;ju njohur kur vizitoni uebsajtin ton\u00eb n\u00eb https:\/\/prizrenpost.com.<\/p>\n<p>1. \u00c7far\u00eb jan\u00eb kukit?<br \/>\nKukit jan\u00eb skedar\u00eb t\u00eb vegj\u00ebl t\u00eb dh\u00ebnash q\u00eb vendosen n\u00eb kompjuterin ose pajisjen tuaj celulare kur vizitoni nj\u00eb uebsajt. Ato p\u00ebrdoren gjer\u00ebsisht nga ofruesit e uebsajteve p\u00ebr t&#8217;i b\u00ebr\u00eb faqet e tyre t\u00eb punojn\u00eb m\u00eb me efikasitet, si dhe p\u00ebr t\u00eb siguruar informacion raportues.<\/p>\n<p>2. Pse p\u00ebrdorim kuki?<br \/>\nNe p\u00ebrdorim kuki t\u00eb pal\u00ebve t\u00eb para dhe t\u00eb pal\u00ebve t\u00eb treta p\u00ebr disa arsye:<\/p>\n<p>Kukit rrept\u00ebsisht t\u00eb nevojshme: K\u00ebto jan\u00eb thelb\u00ebsore q\u00eb uebsajti t\u00eb funksionoj\u00eb si\u00e7 duhet.<\/p>\n<p>Kukit e performanc\u00ebs dhe funksionalitetit: P\u00ebrdoren p\u00ebr t\u00eb rritur performanc\u00ebn por nuk jan\u00eb thelb\u00ebsore.<\/p>\n<p>Kukit e reklamave (Google AdSense): K\u00ebto p\u00ebrdoren p\u00ebr t&#8217;i b\u00ebr\u00eb mesazhet reklamuese m\u00eb relevante p\u00ebr ju.<\/p>\n<p>3. Google AdSense dhe Privat\u00ebsia juaj<br \/>\nUebsajti yn\u00eb p\u00ebrdor Google AdSense p\u00ebr t\u00eb shfaqur reklama. Google, si shit\u00ebs i pal\u00ebs s\u00eb tret\u00eb, p\u00ebrdor kuki p\u00ebr t\u00eb shfaqur reklama n\u00eb k\u00ebt\u00eb sajt.<\/p>\n<p>Google p\u00ebrdor kuki t\u00eb reklamave (si kuki DART) p\u00ebr t&#8217;i mund\u00ebsuar asaj dhe partner\u00ebve t\u00eb saj t\u00eb shfaqin reklama bazuar n\u00eb vizitat tuaja n\u00eb Prizren Post dhe uebsajte t\u00eb tjera n\u00eb internet.<\/p>\n<p>P\u00ebrdoruesit mund t\u00eb refuzojn\u00eb reklamimin e personalizuar duke vizituar Cil\u00ebsimet e Reklamave t\u00eb Google.<\/p>\n<p>4. Si mund t&#8217;i kontrolloj kukit?<br \/>\nJu keni t\u00eb drejt\u00eb t\u00eb vendosni n\u00ebse do t\u00eb pranoni apo refuzoni kukit.<\/p>\n<p>Cil\u00ebsimet e shfletuesit: Ju mund t\u00eb ndryshoni cil\u00ebsimet e shfletuesit tuaj p\u00ebr t\u00eb pranuar ose refuzuar kukit.<\/p>\n<p>Refuzimi i pal\u00ebve t\u00eb treta: Ju mund t\u00eb vizitoni faqen www.aboutads.info p\u00ebr t\u00eb refuzuar p\u00ebrdorimin e kukive p\u00ebr reklamim t\u00eb personalizuar nga shit\u00ebsit e pal\u00ebve t\u00eb treta.<\/p>\n<p>5. P\u00ebrdit\u00ebsimet e k\u00ebsaj politike<br \/>\nNe mund ta p\u00ebrdit\u00ebsojm\u00eb k\u00ebt\u00eb Politik\u00eb t\u00eb Kukive her\u00eb pas here p\u00ebr t\u00eb pasqyruar ndryshimet n\u00eb kukit q\u00eb p\u00ebrdorim. Ju lutemi vizitoni rregullisht k\u00ebt\u00eb faqe p\u00ebr t\u00eb q\u00ebndruar t\u00eb informuar.<\/p>\n<p>P\u00ebrdit\u00ebsimi i fundit: Dhjetor 2025<\/p>\n","protected":false},"excerpt":{"rendered":"<p>Kjo Politik\u00eb e Kukive shpjegon se si Prizren Post p\u00ebrdor kukit (cookies) dhe teknologjit\u00eb e ngjashme p\u00ebr t&#8217;ju njohur kur vizitoni uebsajtin ton\u00eb n\u00eb https:\/\/prizrenpost.com. 1. \u00c7far\u00eb jan\u00eb kukit? Kukit jan\u00eb skedar\u00eb t\u00eb vegj\u00ebl t\u00eb dh\u00ebnash q\u00eb vendosen n\u00eb kompjuterin ose pajisjen tuaj celulare kur vizitoni nj\u00eb uebsajt. Ato p\u00ebrdoren gjer\u00ebsisht nga ofruesit e uebsajteve [&hellip;]<\/p>\n","protected":false},"author":1,"featured_media":0,"parent":0,"menu_order":0,"comment_status":"closed","ping_status":"closed","template":"","meta":{"footnotes":""},"class_list":["post-65661","page","type-page","status-publish","hentry"],"_links":{"self":[{"href":"https:\/\/prizrenpost.com\/al\/wp-json\/wp\/v2\/pages\/65661","targetHints":{"allow":["GET"]}}],"collection":[{"href":"https:\/\/prizrenpost.com\/al\/wp-json\/wp\/v2\/pages"}],"about":[{"href":"https:\/\/prizrenpost.com\/al\/wp-json\/wp\/v2\/types\/page"}],"author":[{"embeddable":true,"href":"https:\/\/prizrenpost.com\/al\/wp-json\/wp\/v2\/users\/1"}],"replies":[{"embeddable":true,"href":"https:\/\/prizrenpost.com\/al\/wp-json\/wp\/v2\/comments?post=65661"}],"version-history":[{"count":1,"href":"https:\/\/prizrenpost.com\/al\/wp-json\/wp\/v2\/pages\/65661\/revisions"}],"predecessor-version":[{"id":97973,"href":"https:\/\/prizrenpost.com\/al\/wp-json\/wp\/v2\/pages\/65661\/revisions\/97973"}],"wp:attachment":[{"href":"https:\/\/prizrenpost.com\/al\/wp-json\/wp\/v2\/media?parent=65661"}],"curies":[{"name":"wp","href":"https:\/\/api.w.org\/{rel}","templated":true}]}}