{"id":23966,"date":"2026-01-27T17:17:08","date_gmt":"2026-01-27T16:17:08","guid":{"rendered":"https:\/\/prizrenpost.com\/tr\/?page_id=23966"},"modified":"2026-01-27T17:17:08","modified_gmt":"2026-01-27T16:17:08","slug":"kunye","status":"publish","type":"page","link":"https:\/\/prizrenpost.com\/tr\/kunye\/","title":{"rendered":"K\u00fcnye"},"content":{"rendered":"<p>Prizren Post \u2013 K\u00fcnye<br \/>\nYay\u0131nc\u0131: Prizren Post Media Group<\/p>\n<p>Genel Yay\u0131n Y\u00f6netmeni: Jetmir Maloku<\/p>\n<p>Yaz\u0131 \u0130\u015fleri:<\/p>\n<p>Haber Edit\u00f6r\u00fc: Jetmir Maloku<\/p>\n<p>Pazarlama ve \u0130nsan Kaynaklar\u0131: info@prizrenpost.com<\/p>\n<p>Adres: Rr. Haydar Shala Pa nr, 20000 Prizren, Kosov\u00eb<\/p>\n<p>\u0130leti\u015fim:<\/p>\n<p>E-posta: info@prizrenpost.com<\/p>\n<p>Tel: +383 48 305 111<\/p>\n<p>Web: www.prizrenpost.com<\/p>\n","protected":false},"excerpt":{"rendered":"<p>Prizren Post \u2013 K\u00fcnye Yay\u0131nc\u0131: Prizren Post Media Group Genel Yay\u0131n Y\u00f6netmeni: Jetmir Maloku Yaz\u0131 \u0130\u015fleri: Haber Edit\u00f6r\u00fc: Jetmir Maloku Pazarlama ve \u0130nsan Kaynaklar\u0131: info@prizrenpost.com Adres: Rr. Haydar Shala Pa nr, 20000 Prizren, Kosov\u00eb \u0130leti\u015fim: E-posta: info@prizrenpost.com Tel: +383 48 305 111 Web: www.prizrenpost.com<\/p>\n","protected":false},"author":1,"featured_media":0,"parent":0,"menu_order":0,"comment_status":"closed","ping_status":"closed","template":"","meta":{"footnotes":""},"class_list":["post-23966","page","type-page","status-publish","hentry"],"_links":{"self":[{"href":"https:\/\/prizrenpost.com\/tr\/wp-json\/wp\/v2\/pages\/23966","targetHints":{"allow":["GET"]}}],"collection":[{"href":"https:\/\/prizrenpost.com\/tr\/wp-json\/wp\/v2\/pages"}],"about":[{"href":"https:\/\/prizrenpost.com\/tr\/wp-json\/wp\/v2\/types\/page"}],"author":[{"embeddable":true,"href":"https:\/\/prizrenpost.com\/tr\/wp-json\/wp\/v2\/users\/1"}],"replies":[{"embeddable":true,"href":"https:\/\/prizrenpost.com\/tr\/wp-json\/wp\/v2\/comments?post=23966"}],"version-history":[{"count":1,"href":"https:\/\/prizrenpost.com\/tr\/wp-json\/wp\/v2\/pages\/23966\/revisions"}],"predecessor-version":[{"id":23967,"href":"https:\/\/prizrenpost.com\/tr\/wp-json\/wp\/v2\/pages\/23966\/revisions\/23967"}],"wp:attachment":[{"href":"https:\/\/prizrenpost.com\/tr\/wp-json\/wp\/v2\/media?parent=23966"}],"curies":[{"name":"wp","href":"https:\/\/api.w.org\/{rel}","templated":true}]}}