{"id":3631,"date":"2011-12-24T23:24:39","date_gmt":"2011-12-24T22:24:39","guid":{"rendered":"http:\/\/prizrenpost.com\/tr\/?page_id=3631"},"modified":"2022-08-22T14:40:44","modified_gmt":"2022-08-22T12:40:44","slug":"hakkimizda","status":"publish","type":"page","link":"https:\/\/prizrenpost.com\/tr\/hakkimizda\/","title":{"rendered":"Hakk\u0131m\u0131zda"},"content":{"rendered":"<p><img decoding=\"async\" src=\"https:\/\/prizrenpost.com\/tr\/wp-content\/uploads\/2022\/08\/prizrenpost-new-logo-2022-2048x318-1.png\" alt=\"\" width=\"100%\" height=\"\" class=\"alignleft size-full wp-image-9629\" srcset=\"https:\/\/prizrenpost.com\/tr\/wp-content\/uploads\/2022\/08\/prizrenpost-new-logo-2022-2048x318-1.png 2048w, https:\/\/prizrenpost.com\/tr\/wp-content\/uploads\/2022\/08\/prizrenpost-new-logo-2022-2048x318-1-300x47.png 300w, https:\/\/prizrenpost.com\/tr\/wp-content\/uploads\/2022\/08\/prizrenpost-new-logo-2022-2048x318-1-1024x159.png 1024w, https:\/\/prizrenpost.com\/tr\/wp-content\/uploads\/2022\/08\/prizrenpost-new-logo-2022-2048x318-1-768x119.png 768w, https:\/\/prizrenpost.com\/tr\/wp-content\/uploads\/2022\/08\/prizrenpost-new-logo-2022-2048x318-1-1536x239.png 1536w\" sizes=\"(max-width: 2048px) 100vw, 2048px\" \/><\/p>\n<p>Prizren Post 28 Kas\u0131m 2011 tarihinde kuruldu.<br \/>\nYerel ve d\u00fcnya, spor, k\u00fclt\u00fcrel olaylar gibi de\u011fi\u015fik alanlardan geni\u015f bir enformasiyon platformuna sahip sitelerden biri Prizren Post`tur&#8230;<\/p>\n<p>Genel Yay\u0131n Y\u00f6netmeni<br \/>\nJetmir MALOKU<\/p>\n","protected":false},"excerpt":{"rendered":"<p>Prizren Post 28 Kas\u0131m 2011 tarihinde kuruldu. Yerel ve d\u00fcnya, spor, k\u00fclt\u00fcrel olaylar gibi de\u011fi\u015fik alanlardan geni\u015f bir enformasiyon platformuna sahip sitelerden biri Prizren Post`tur&#8230; Genel Yay\u0131n Y\u00f6netmeni Jetmir MALOKU<\/p>\n","protected":false},"author":1,"featured_media":9629,"parent":0,"menu_order":0,"comment_status":"open","ping_status":"open","template":"","meta":{"footnotes":""},"class_list":["post-3631","page","type-page","status-publish","has-post-thumbnail","hentry"],"_links":{"self":[{"href":"https:\/\/prizrenpost.com\/tr\/wp-json\/wp\/v2\/pages\/3631","targetHints":{"allow":["GET"]}}],"collection":[{"href":"https:\/\/prizrenpost.com\/tr\/wp-json\/wp\/v2\/pages"}],"about":[{"href":"https:\/\/prizrenpost.com\/tr\/wp-json\/wp\/v2\/types\/page"}],"author":[{"embeddable":true,"href":"https:\/\/prizrenpost.com\/tr\/wp-json\/wp\/v2\/users\/1"}],"replies":[{"embeddable":true,"href":"https:\/\/prizrenpost.com\/tr\/wp-json\/wp\/v2\/comments?post=3631"}],"version-history":[{"count":13,"href":"https:\/\/prizrenpost.com\/tr\/wp-json\/wp\/v2\/pages\/3631\/revisions"}],"predecessor-version":[{"id":9631,"href":"https:\/\/prizrenpost.com\/tr\/wp-json\/wp\/v2\/pages\/3631\/revisions\/9631"}],"wp:featuredmedia":[{"embeddable":true,"href":"https:\/\/prizrenpost.com\/tr\/wp-json\/wp\/v2\/media\/9629"}],"wp:attachment":[{"href":"https:\/\/prizrenpost.com\/tr\/wp-json\/wp\/v2\/media?parent=3631"}],"curies":[{"name":"wp","href":"https:\/\/api.w.org\/{rel}","templated":true}]}}